{"id":10884,"date":"2024-11-29T02:51:33","date_gmt":"2024-11-29T01:51:33","guid":{"rendered":"https:\/\/ecofuego.com.mx\/?post_type=product&#038;p=10884"},"modified":"2024-12-11T23:10:14","modified_gmt":"2024-12-12T05:10:14","slug":"porta-extintores-ecofuego","status":"publish","type":"product","link":"https:\/\/ecofuego.com.mx\/en\/product\/porta-extintores-ecofuego\/","title":{"rendered":"Porta extintores EcoFuego"},"content":{"rendered":"<p><a href=\"https:\/\/ecofuego.com.mx\/wp-content\/uploads\/2024\/12\/Ficha-porta-extintor-piso.pdf\" target=\"_blank\" rel=\"noopener\"><img decoding=\"async\" class=\"wp-image-11531 size-medium alignright\" src=\"https:\/\/ecofuego.com.mx\/wp-content\/uploads\/2024\/11\/Ficha-tecnica-2-300x102.webp\" alt=\"\" width=\"300\" height=\"102\" srcset=\"https:\/\/ecofuego.com.mx\/wp-content\/uploads\/2024\/11\/Ficha-tecnica-2-300x102.webp 300w, https:\/\/ecofuego.com.mx\/wp-content\/uploads\/2024\/11\/Ficha-tecnica-2-18x6.webp 18w, https:\/\/ecofuego.com.mx\/wp-content\/uploads\/2024\/11\/Ficha-tecnica-2-150x51.webp 150w, https:\/\/ecofuego.com.mx\/wp-content\/uploads\/2024\/11\/Ficha-tecnica-2.webp 557w\" sizes=\"(max-width: 300px) 100vw, 300px\" \/><\/a><\/p>","protected":false},"excerpt":{"rendered":"<p><strong>CARACTER\u00cdSTICAS<\/strong><br \/>\nPorta extintor de piso cil\u00edndrico, utilizado para el resguardo de extintores port\u00e1tiles, sin alterar la imagen del \u00e1rea en el que se instale.<br \/>\nGarant\u00eda de un a\u00f1o sobre defectos de fabricaci\u00f3n.<\/p>\n<p><strong>MATERIALES Y COMPONENTES<\/strong><\/p>\n<ul>\n<li>Fabricado de l\u00e1mina de acero inoxidable con acabado espejo y\/o pulido calibre 28.\n<ul>\n<li>Ideal para uso en interiores y exteriores gracias a su desempe\u00f1o favorable, salvo en ambientes h\u00famedos y\/o condiciones extremas de corrosi\u00f3n (salinidad).<\/li>\n<li>En estos casos, se recomienda la aplicaci\u00f3n de un pasivante, por parte del usuario, para mantener las caracter\u00edsticas de durabilidad del acero inoxidable.<\/li>\n<\/ul>\n<\/li>\n<li>Alternativamente, puede ser fabricado de l\u00e1mina de acero al carb\u00f3n calibre 28.\n<ul>\n<li>Tratado qu\u00edmicamente con desengrase y fosfatizado.<\/li>\n<li>Pintado con pintura en polvo (electrost\u00e1tica) en color gris martillado, brindando resistencia moderada a la corrosi\u00f3n e intemperie.<\/li>\n<\/ul>\n<\/li>\n<li>Incluye tapa plana fabricada de inyecci\u00f3n de polietileno de alta densidad:\n<ul>\n<li>Resistente hasta 80 \u00b0C.<\/li>\n<li>Dise\u00f1ada para r\u00e1pida remoci\u00f3n en caso de emergencia.<\/li>\n<li>Dos configuraciones posibles:\n<ul>\n<li><strong>Con arena:<\/strong> Usada como cenicero para minimizar riesgos en \u00e1reas de fumadores.<\/li>\n<li><strong>Sin arena:<\/strong> Cumple con la normativa para lugares libres de humo, aline\u00e1ndose con la ley de protecci\u00f3n a la salud de los no fumadores.<\/li>\n<\/ul>\n<\/li>\n<li>Mirilla pl\u00e1stica de mica de alta resistencia para f\u00e1cil visibilidad del extintor.<\/li>\n<\/ul>\n<\/li>\n<\/ul>\n<p><strong>Nota:<\/strong> No incluye arena.<\/p>","protected":false},"featured_media":11517,"comment_status":"open","ping_status":"closed","template":"","meta":[],"product_brand":[],"product_cat":[110],"product_tag":[],"class_list":{"0":"post-10884","1":"product","2":"type-product","3":"status-publish","4":"has-post-thumbnail","6":"product_cat-general","8":"first","9":"instock","10":"shipping-taxable","11":"product-type-simple"},"_links":{"self":[{"href":"https:\/\/ecofuego.com.mx\/en\/wp-json\/wp\/v2\/product\/10884","targetHints":{"allow":["GET"]}}],"collection":[{"href":"https:\/\/ecofuego.com.mx\/en\/wp-json\/wp\/v2\/product"}],"about":[{"href":"https:\/\/ecofuego.com.mx\/en\/wp-json\/wp\/v2\/types\/product"}],"replies":[{"embeddable":true,"href":"https:\/\/ecofuego.com.mx\/en\/wp-json\/wp\/v2\/comments?post=10884"}],"version-history":[{"count":0,"href":"https:\/\/ecofuego.com.mx\/en\/wp-json\/wp\/v2\/product\/10884\/revisions"}],"wp:featuredmedia":[{"embeddable":true,"href":"https:\/\/ecofuego.com.mx\/en\/wp-json\/wp\/v2\/media\/11517"}],"wp:attachment":[{"href":"https:\/\/ecofuego.com.mx\/en\/wp-json\/wp\/v2\/media?parent=10884"}],"wp:term":[{"taxonomy":"product_brand","embeddable":true,"href":"https:\/\/ecofuego.com.mx\/en\/wp-json\/wp\/v2\/product_brand?post=10884"},{"taxonomy":"product_cat","embeddable":true,"href":"https:\/\/ecofuego.com.mx\/en\/wp-json\/wp\/v2\/product_cat?post=10884"},{"taxonomy":"product_tag","embeddable":true,"href":"https:\/\/ecofuego.com.mx\/en\/wp-json\/wp\/v2\/product_tag?post=10884"}],"curies":[{"name":"wp","href":"https:\/\/api.w.org\/{rel}","templated":true}]}}