{"id":11535,"date":"2024-12-11T23:15:57","date_gmt":"2024-12-12T05:15:57","guid":{"rendered":"https:\/\/ecofuego.com.mx\/?post_type=product&#038;p=11535"},"modified":"2024-12-11T23:22:57","modified_gmt":"2024-12-12T05:22:57","slug":"extintor-portatil-y-unidad-movil-de-agente-humedo","status":"publish","type":"product","link":"https:\/\/ecofuego.com.mx\/en\/product\/extintor-portatil-y-unidad-movil-de-agente-humedo\/","title":{"rendered":"Extintor port\u00e1til y unidad m\u00f3vil de agente h\u00famedo"},"content":{"rendered":"<p><a href=\"https:\/\/ecofuego.com.mx\/wp-content\/uploads\/2024\/12\/Ficha-extin-espuma.pdf\" target=\"_blank\" rel=\"noopener\"><img decoding=\"async\" class=\"wp-image-11531 size-medium alignright\" src=\"https:\/\/ecofuego.com.mx\/wp-content\/uploads\/2024\/11\/Ficha-tecnica-2-300x102.webp\" alt=\"\" width=\"300\" height=\"102\" srcset=\"https:\/\/ecofuego.com.mx\/wp-content\/uploads\/2024\/11\/Ficha-tecnica-2-300x102.webp 300w, https:\/\/ecofuego.com.mx\/wp-content\/uploads\/2024\/11\/Ficha-tecnica-2-18x6.webp 18w, https:\/\/ecofuego.com.mx\/wp-content\/uploads\/2024\/11\/Ficha-tecnica-2-150x51.webp 150w, https:\/\/ecofuego.com.mx\/wp-content\/uploads\/2024\/11\/Ficha-tecnica-2.webp 557w\" sizes=\"(max-width: 300px) 100vw, 300px\" \/><\/a><\/p>","protected":false},"excerpt":{"rendered":"<p><strong>CARACTER\u00cdSTICAS<\/strong><\/p>\n<ul>\n<li>Extintor port\u00e1til y unidad m\u00f3vil cargados con agente h\u00famedo (AFFF), una espuma 100% ecol\u00f3gica.\n<ul>\n<li><strong>Propiedades ecol\u00f3gicas:<\/strong> No contiene derivados fluorados y es biodegradable.<\/li>\n<li><strong>Alternativa ecol\u00f3gica:<\/strong> Dise\u00f1ado como una opci\u00f3n para extintores port\u00e1tiles de importaci\u00f3n de acero inoxidable, con un recubrimiento qu\u00edmico en su interior que lo hace resistente a la corrosi\u00f3n y libre de \u00f3xido.<\/li>\n<li><strong>Acabado:<\/strong> Pintura electrost\u00e1tica en color blanco brillante.<\/li>\n<\/ul>\n<\/li>\n<li>Disponibles en las siguientes presentaciones:\n<ul>\n<li><strong>Extintor port\u00e1til de 9 litros.<\/strong><\/li>\n<li><strong>Unidad m\u00f3vil de 50 litros.<\/strong><\/li>\n<\/ul>\n<\/li>\n<li><strong>Agente extinguidor:<\/strong> Con propiedades espumantes y humectantes para mayor efectividad.<\/li>\n<\/ul>\n<p><strong>MATERIALES Y COMPONENTES<\/strong><\/p>\n<ul>\n<li><strong>Cilindros fabricados con l\u00e1mina de acero al carb\u00f3n, rolada en fr\u00edo:<\/strong>\n<ul>\n<li><strong>Calibre 14:<\/strong> Para el extintor port\u00e1til.<\/li>\n<li><strong>Calibre 11:<\/strong> Para la unidad m\u00f3vil.<\/li>\n<\/ul>\n<\/li>\n<li><strong>Pruebas hidrost\u00e1ticas:<\/strong> Probados al 100% para garantizar su resistencia.<\/li>\n<li><strong>Tratamiento qu\u00edmico:<\/strong> Fosfatizado para una mejor resistencia a la corrosi\u00f3n.<\/li>\n<\/ul>","protected":false},"featured_media":11536,"comment_status":"open","ping_status":"closed","template":"","meta":[],"product_brand":[],"product_cat":[110],"product_tag":[],"class_list":{"0":"post-11535","1":"product","2":"type-product","3":"status-publish","4":"has-post-thumbnail","6":"product_cat-general","8":"first","9":"instock","10":"shipping-taxable","11":"product-type-simple"},"_links":{"self":[{"href":"https:\/\/ecofuego.com.mx\/en\/wp-json\/wp\/v2\/product\/11535","targetHints":{"allow":["GET"]}}],"collection":[{"href":"https:\/\/ecofuego.com.mx\/en\/wp-json\/wp\/v2\/product"}],"about":[{"href":"https:\/\/ecofuego.com.mx\/en\/wp-json\/wp\/v2\/types\/product"}],"replies":[{"embeddable":true,"href":"https:\/\/ecofuego.com.mx\/en\/wp-json\/wp\/v2\/comments?post=11535"}],"version-history":[{"count":0,"href":"https:\/\/ecofuego.com.mx\/en\/wp-json\/wp\/v2\/product\/11535\/revisions"}],"wp:featuredmedia":[{"embeddable":true,"href":"https:\/\/ecofuego.com.mx\/en\/wp-json\/wp\/v2\/media\/11536"}],"wp:attachment":[{"href":"https:\/\/ecofuego.com.mx\/en\/wp-json\/wp\/v2\/media?parent=11535"}],"wp:term":[{"taxonomy":"product_brand","embeddable":true,"href":"https:\/\/ecofuego.com.mx\/en\/wp-json\/wp\/v2\/product_brand?post=11535"},{"taxonomy":"product_cat","embeddable":true,"href":"https:\/\/ecofuego.com.mx\/en\/wp-json\/wp\/v2\/product_cat?post=11535"},{"taxonomy":"product_tag","embeddable":true,"href":"https:\/\/ecofuego.com.mx\/en\/wp-json\/wp\/v2\/product_tag?post=11535"}],"curies":[{"name":"wp","href":"https:\/\/api.w.org\/{rel}","templated":true}]}}