{"id":11544,"date":"2024-12-11T23:29:13","date_gmt":"2024-12-12T05:29:13","guid":{"rendered":"https:\/\/ecofuego.com.mx\/?post_type=product&#038;p=11544"},"modified":"2024-12-11T23:35:03","modified_gmt":"2024-12-12T05:35:03","slug":"extintor-portatil-de-polvo-quimico-seco-tipo-abc","status":"publish","type":"product","link":"https:\/\/ecofuego.com.mx\/en\/product\/extintor-portatil-de-polvo-quimico-seco-tipo-abc\/","title":{"rendered":"Extintor port\u00e1til de polvo qu\u00edmico seco tipo ABC"},"content":{"rendered":"<p><a href=\"https:\/\/ecofuego.com.mx\/wp-content\/uploads\/2024\/12\/Ficha-PQS-extintor-carro.pdf\" target=\"_blank\" rel=\"noopener\"><img decoding=\"async\" class=\"wp-image-11531 size-medium alignright\" src=\"https:\/\/ecofuego.com.mx\/wp-content\/uploads\/2024\/11\/Ficha-tecnica-2-300x102.webp\" alt=\"\" width=\"300\" height=\"102\" srcset=\"https:\/\/ecofuego.com.mx\/wp-content\/uploads\/2024\/11\/Ficha-tecnica-2-300x102.webp 300w, https:\/\/ecofuego.com.mx\/wp-content\/uploads\/2024\/11\/Ficha-tecnica-2-18x6.webp 18w, https:\/\/ecofuego.com.mx\/wp-content\/uploads\/2024\/11\/Ficha-tecnica-2-150x51.webp 150w, https:\/\/ecofuego.com.mx\/wp-content\/uploads\/2024\/11\/Ficha-tecnica-2.webp 557w\" sizes=\"(max-width: 300px) 100vw, 300px\" \/><\/a><\/p>","protected":false},"excerpt":{"rendered":"<p><strong>CARACTER\u00cdSTICAS<\/strong><\/p>\n<ul>\n<li>Extintor port\u00e1til de presi\u00f3n contenida, dise\u00f1ado espec\u00edficamente para la <strong>rama automotriz<\/strong>.<\/li>\n<li>Cargado con polvo qu\u00edmico seco al <strong>75% de fosfato monoam\u00f3nico certificado<\/strong>.<\/li>\n<li><strong>Acabado:<\/strong> Pintura horneada electrost\u00e1tica en color rojo brillante.<\/li>\n<li>Cumple con las especificaciones de la <strong>NOM-100-STPS-1994.<\/strong><\/li>\n<li>Garant\u00eda de un a\u00f1o por defectos de fabricaci\u00f3n.<\/li>\n<li>Disponible en capacidades de <strong>3\/4, 1 y 2 kg.<\/strong><\/li>\n<\/ul>\n<p><strong>MATERIALES Y COMPONENTES<\/strong><\/p>\n<ul>\n<li><strong>Cilindro fabricado de tubo de acero sin costura calibre 16:<\/strong>\n<ul>\n<li>Probado hidrost\u00e1ticamente al 100%.<\/li>\n<li>Tratamiento qu\u00edmico mediante <strong>fosfatizado<\/strong>, que mejora la resistencia a la corrosi\u00f3n y la adherencia del recubrimiento.<\/li>\n<\/ul>\n<\/li>\n<li><strong>Acabado resistente:<\/strong> Pintura horneada en polvo (electrost\u00e1tica) color rojo brillante, con capacidad de soportar hasta <strong>500 horas salinas.<\/strong><\/li>\n<li><strong>Soldadura MIG:<\/strong> Ensambles sometidos a soldadura continua de alta resistencia.<\/li>\n<\/ul>\n<p><strong>APLICACIONES<\/strong><br \/>\nRecomendado para:<\/p>\n<ul>\n<li><strong>Montacargas.<\/strong><\/li>\n<li><strong>Veh\u00edculos automotores particulares.<\/strong><\/li>\n<\/ul>","protected":false},"featured_media":11545,"comment_status":"open","ping_status":"closed","template":"","meta":[],"product_brand":[],"product_cat":[110],"product_tag":[],"class_list":{"0":"post-11544","1":"product","2":"type-product","3":"status-publish","4":"has-post-thumbnail","6":"product_cat-general","8":"first","9":"instock","10":"shipping-taxable","11":"product-type-simple"},"_links":{"self":[{"href":"https:\/\/ecofuego.com.mx\/en\/wp-json\/wp\/v2\/product\/11544","targetHints":{"allow":["GET"]}}],"collection":[{"href":"https:\/\/ecofuego.com.mx\/en\/wp-json\/wp\/v2\/product"}],"about":[{"href":"https:\/\/ecofuego.com.mx\/en\/wp-json\/wp\/v2\/types\/product"}],"replies":[{"embeddable":true,"href":"https:\/\/ecofuego.com.mx\/en\/wp-json\/wp\/v2\/comments?post=11544"}],"version-history":[{"count":0,"href":"https:\/\/ecofuego.com.mx\/en\/wp-json\/wp\/v2\/product\/11544\/revisions"}],"wp:featuredmedia":[{"embeddable":true,"href":"https:\/\/ecofuego.com.mx\/en\/wp-json\/wp\/v2\/media\/11545"}],"wp:attachment":[{"href":"https:\/\/ecofuego.com.mx\/en\/wp-json\/wp\/v2\/media?parent=11544"}],"wp:term":[{"taxonomy":"product_brand","embeddable":true,"href":"https:\/\/ecofuego.com.mx\/en\/wp-json\/wp\/v2\/product_brand?post=11544"},{"taxonomy":"product_cat","embeddable":true,"href":"https:\/\/ecofuego.com.mx\/en\/wp-json\/wp\/v2\/product_cat?post=11544"},{"taxonomy":"product_tag","embeddable":true,"href":"https:\/\/ecofuego.com.mx\/en\/wp-json\/wp\/v2\/product_tag?post=11544"}],"curies":[{"name":"wp","href":"https:\/\/api.w.org\/{rel}","templated":true}]}}