{"id":11549,"date":"2024-12-11T23:35:37","date_gmt":"2024-12-12T05:35:37","guid":{"rendered":"https:\/\/ecofuego.com.mx\/?post_type=product&#038;p=11549"},"modified":"2024-12-11T23:41:05","modified_gmt":"2024-12-12T05:41:05","slug":"extintor-portatil-y-unidad-movil-de-agua-a-presion","status":"publish","type":"product","link":"https:\/\/ecofuego.com.mx\/en\/product\/extintor-portatil-y-unidad-movil-de-agua-a-presion\/","title":{"rendered":"Extintor port\u00e1til y unidad movil de agua a presi\u00f3n"},"content":{"rendered":"<p><a href=\"https:\/\/ecofuego.com.mx\/wp-content\/uploads\/2024\/12\/Ficha-tecnica-Extintor-agua.pdf\" target=\"_blank\" rel=\"noopener\"><img decoding=\"async\" class=\"wp-image-11531 size-medium alignright\" src=\"https:\/\/ecofuego.com.mx\/wp-content\/uploads\/2024\/11\/Ficha-tecnica-2-300x102.webp\" alt=\"\" width=\"300\" height=\"102\" srcset=\"https:\/\/ecofuego.com.mx\/wp-content\/uploads\/2024\/11\/Ficha-tecnica-2-300x102.webp 300w, https:\/\/ecofuego.com.mx\/wp-content\/uploads\/2024\/11\/Ficha-tecnica-2-18x6.webp 18w, https:\/\/ecofuego.com.mx\/wp-content\/uploads\/2024\/11\/Ficha-tecnica-2-150x51.webp 150w, https:\/\/ecofuego.com.mx\/wp-content\/uploads\/2024\/11\/Ficha-tecnica-2.webp 557w\" sizes=\"(max-width: 300px) 100vw, 300px\" \/><\/a><\/p>","protected":false},"excerpt":{"rendered":"<p><strong>CARACTER\u00cdSTICAS<\/strong><\/p>\n<ul>\n<li>Extintor port\u00e1til y unidad m\u00f3vil cargados con <strong>agua a presi\u00f3n contenida (AP).<\/strong><\/li>\n<li>Alternativa a extintores port\u00e1tiles de importaci\u00f3n de acero inoxidable:\n<ul>\n<li>Equipados con un recubrimiento qu\u00edmico en su interior que los hace <strong>resistentes a la corrosi\u00f3n<\/strong> del agua y <strong>libres de \u00f3xido.<\/strong><\/li>\n<\/ul>\n<\/li>\n<li><strong>Acabado:<\/strong> Pintura electrost\u00e1tica en color blanco brillante.<\/li>\n<li>Disponibles en:\n<ul>\n<li><strong>Extintor port\u00e1til de 9 litros.<\/strong><\/li>\n<li><strong>Unidad m\u00f3vil de 50 litros.<\/strong><\/li>\n<\/ul>\n<\/li>\n<\/ul>\n<p><strong>MATERIALES Y COMPONENTES<\/strong><\/p>\n<ul>\n<li><strong>Cilindros fabricados de l\u00e1mina de acero al carb\u00f3n, rolada en fr\u00edo:<\/strong>\n<ul>\n<li><strong>Calibre 14:<\/strong> Para extintores port\u00e1tiles.<\/li>\n<li><strong>Calibre 11:<\/strong> Para unidades m\u00f3viles.<\/li>\n<\/ul>\n<\/li>\n<li><strong>Pruebas hidrost\u00e1ticas:<\/strong> Cilindros probados al 100% para garantizar resistencia.<\/li>\n<li><strong>Recubrimiento qu\u00edmico interior:<\/strong>\n<ul>\n<li>Resistencia total a la corrosi\u00f3n del agua.<\/li>\n<li>Garantiza la descarga libre de impurezas y residuos de \u00f3xido, incrementando la seguridad al usarse.<\/li>\n<\/ul>\n<\/li>\n<li>Tratamiento qu\u00edmico por <strong>fosfatizado<\/strong>, mejorando la resistencia a la corrosi\u00f3n externa.<\/li>\n<\/ul>\n<p><strong>APLICACIONES<\/strong><br \/>\nLos extintores port\u00e1tiles y unidades m\u00f3viles de agua a presi\u00f3n son ideales para proteger contra <strong>fuegos ordinarios clase A<\/strong> en:<\/p>\n<ul>\n<li><strong>Almacenes.<\/strong><\/li>\n<li><strong>\u00c1reas comerciales.<\/strong><\/li>\n<li><strong>\u00c1reas de basura.<\/strong><\/li>\n<li><strong>Talleres de mantenimiento.<\/strong><\/li>\n<li><strong>Edificios de apartamentos.<\/strong><\/li>\n<li><strong>F\u00e1bricas papeleras.<\/strong><\/li>\n<li><strong>Maderer\u00edas.<\/strong><\/li>\n<li><strong>Otros entornos similares.<\/strong><\/li>\n<\/ul>","protected":false},"featured_media":11550,"comment_status":"open","ping_status":"closed","template":"","meta":[],"product_brand":[],"product_cat":[110],"product_tag":[],"class_list":{"0":"post-11549","1":"product","2":"type-product","3":"status-publish","4":"has-post-thumbnail","6":"product_cat-general","8":"first","9":"instock","10":"shipping-taxable","11":"product-type-simple"},"_links":{"self":[{"href":"https:\/\/ecofuego.com.mx\/en\/wp-json\/wp\/v2\/product\/11549","targetHints":{"allow":["GET"]}}],"collection":[{"href":"https:\/\/ecofuego.com.mx\/en\/wp-json\/wp\/v2\/product"}],"about":[{"href":"https:\/\/ecofuego.com.mx\/en\/wp-json\/wp\/v2\/types\/product"}],"replies":[{"embeddable":true,"href":"https:\/\/ecofuego.com.mx\/en\/wp-json\/wp\/v2\/comments?post=11549"}],"version-history":[{"count":0,"href":"https:\/\/ecofuego.com.mx\/en\/wp-json\/wp\/v2\/product\/11549\/revisions"}],"wp:featuredmedia":[{"embeddable":true,"href":"https:\/\/ecofuego.com.mx\/en\/wp-json\/wp\/v2\/media\/11550"}],"wp:attachment":[{"href":"https:\/\/ecofuego.com.mx\/en\/wp-json\/wp\/v2\/media?parent=11549"}],"wp:term":[{"taxonomy":"product_brand","embeddable":true,"href":"https:\/\/ecofuego.com.mx\/en\/wp-json\/wp\/v2\/product_brand?post=11549"},{"taxonomy":"product_cat","embeddable":true,"href":"https:\/\/ecofuego.com.mx\/en\/wp-json\/wp\/v2\/product_cat?post=11549"},{"taxonomy":"product_tag","embeddable":true,"href":"https:\/\/ecofuego.com.mx\/en\/wp-json\/wp\/v2\/product_tag?post=11549"}],"curies":[{"name":"wp","href":"https:\/\/api.w.org\/{rel}","templated":true}]}}