{"id":11553,"date":"2024-12-11T23:41:25","date_gmt":"2024-12-12T05:41:25","guid":{"rendered":"https:\/\/ecofuego.com.mx\/?post_type=product&#038;p=11553"},"modified":"2024-12-11T23:45:16","modified_gmt":"2024-12-12T05:45:16","slug":"extintor-portatil-de-co2-marca-buckeye","status":"publish","type":"product","link":"https:\/\/ecofuego.com.mx\/en\/product\/extintor-portatil-de-co2-marca-buckeye\/","title":{"rendered":"Extintor port\u00e1til de CO2 marca Buckeye"},"content":{"rendered":"<p><a href=\"https:\/\/ecofuego.com.mx\/wp-content\/uploads\/2024\/12\/Ficha-tecnica-CO2.pdf\" target=\"_blank\" rel=\"noopener\"><img decoding=\"async\" class=\"wp-image-11531 size-medium alignright\" src=\"https:\/\/ecofuego.com.mx\/wp-content\/uploads\/2024\/11\/Ficha-tecnica-2-300x102.webp\" alt=\"\" width=\"300\" height=\"102\" srcset=\"https:\/\/ecofuego.com.mx\/wp-content\/uploads\/2024\/11\/Ficha-tecnica-2-300x102.webp 300w, https:\/\/ecofuego.com.mx\/wp-content\/uploads\/2024\/11\/Ficha-tecnica-2-18x6.webp 18w, https:\/\/ecofuego.com.mx\/wp-content\/uploads\/2024\/11\/Ficha-tecnica-2-150x51.webp 150w, https:\/\/ecofuego.com.mx\/wp-content\/uploads\/2024\/11\/Ficha-tecnica-2.webp 557w\" sizes=\"(max-width: 300px) 100vw, 300px\" \/><\/a><\/p>","protected":false},"excerpt":{"rendered":"<p><strong>DESCRIPCI\u00d3N<\/strong><br \/>\nEl extintor de <strong>Di\u00f3xido de Carbono<\/strong> marca <strong>Buckeye<\/strong> est\u00e1 dise\u00f1ado para combatir fuegos <strong>clase \u201cB\u201d y \u201cC\u201d.<\/strong><\/p>\n<ul>\n<li><strong>Agente extinguidor:<\/strong> CO\u2082, un agente limpio que no deja residuo y no es conductor de electricidad.<\/li>\n<li>Ideal para su uso en <strong>aparatos electr\u00f3nicos delicados.<\/strong><\/li>\n<\/ul>\n<p><strong>CARACTER\u00cdSTICAS<\/strong><\/p>\n<ul>\n<li>Construidos para soportar <strong>condiciones de uso extremas.<\/strong><\/li>\n<li>Dise\u00f1ados para <strong>f\u00e1cil operaci\u00f3n por una sola persona.<\/strong><\/li>\n<li><strong>V\u00e1lvula de bronce cromo-plateada.<\/strong><\/li>\n<li>Cilindro fabricado en <strong>aluminio de una sola pieza.<\/strong><\/li>\n<li><strong>Corneta de descarga:<\/strong> Hecha de polietileno de alta densidad, no conductor el\u00e9ctrico.<\/li>\n<li>Disponibles en capacidades de <strong>5, 10, 15 y 20 libras.<\/strong><\/li>\n<\/ul>\n<p><strong>NORMATIVIDAD<\/strong><\/p>\n<ul>\n<li><strong>Est\u00e1ndares de fabricaci\u00f3n:<\/strong> ANSI\/UL 154 y ANSI\/UL 711.<\/li>\n<li>Aprobado por la <strong>Guardia Costera de los Estados Unidos<\/strong> para Tipo BC Tama\u00f1o II.<\/li>\n<li><strong>Cilindro aprobado por D.O.T.<\/strong><\/li>\n<\/ul>","protected":false},"featured_media":11554,"comment_status":"open","ping_status":"closed","template":"","meta":[],"product_brand":[],"product_cat":[110],"product_tag":[],"class_list":{"0":"post-11553","1":"product","2":"type-product","3":"status-publish","4":"has-post-thumbnail","6":"product_cat-general","8":"first","9":"instock","10":"shipping-taxable","11":"product-type-simple"},"_links":{"self":[{"href":"https:\/\/ecofuego.com.mx\/en\/wp-json\/wp\/v2\/product\/11553","targetHints":{"allow":["GET"]}}],"collection":[{"href":"https:\/\/ecofuego.com.mx\/en\/wp-json\/wp\/v2\/product"}],"about":[{"href":"https:\/\/ecofuego.com.mx\/en\/wp-json\/wp\/v2\/types\/product"}],"replies":[{"embeddable":true,"href":"https:\/\/ecofuego.com.mx\/en\/wp-json\/wp\/v2\/comments?post=11553"}],"version-history":[{"count":0,"href":"https:\/\/ecofuego.com.mx\/en\/wp-json\/wp\/v2\/product\/11553\/revisions"}],"wp:featuredmedia":[{"embeddable":true,"href":"https:\/\/ecofuego.com.mx\/en\/wp-json\/wp\/v2\/media\/11554"}],"wp:attachment":[{"href":"https:\/\/ecofuego.com.mx\/en\/wp-json\/wp\/v2\/media?parent=11553"}],"wp:term":[{"taxonomy":"product_brand","embeddable":true,"href":"https:\/\/ecofuego.com.mx\/en\/wp-json\/wp\/v2\/product_brand?post=11553"},{"taxonomy":"product_cat","embeddable":true,"href":"https:\/\/ecofuego.com.mx\/en\/wp-json\/wp\/v2\/product_cat?post=11553"},{"taxonomy":"product_tag","embeddable":true,"href":"https:\/\/ecofuego.com.mx\/en\/wp-json\/wp\/v2\/product_tag?post=11553"}],"curies":[{"name":"wp","href":"https:\/\/api.w.org\/{rel}","templated":true}]}}