{"id":11561,"date":"2024-12-11T23:49:59","date_gmt":"2024-12-12T05:49:59","guid":{"rendered":"https:\/\/ecofuego.com.mx\/?post_type=product&#038;p=11561"},"modified":"2024-12-11T23:54:51","modified_gmt":"2024-12-12T05:54:51","slug":"unidad-movil-de-bioxido-de-carbono-co2-linea-extin-clean","status":"publish","type":"product","link":"https:\/\/ecofuego.com.mx\/en\/product\/unidad-movil-de-bioxido-de-carbono-co2-linea-extin-clean\/","title":{"rendered":"Unidad m\u00f3vil de bi\u00f3xido de carbono (CO2) l\u00ednea EXTIN-CLEAN"},"content":{"rendered":"<p><a href=\"https:\/\/ecofuego.com.mx\/wp-content\/uploads\/2024\/12\/Ficha-co2-movil.pdf\" target=\"_blank\" rel=\"noopener\"><img decoding=\"async\" class=\"wp-image-11531 size-medium alignright\" src=\"https:\/\/ecofuego.com.mx\/wp-content\/uploads\/2024\/11\/Ficha-tecnica-2-300x102.webp\" alt=\"\" width=\"300\" height=\"102\" srcset=\"https:\/\/ecofuego.com.mx\/wp-content\/uploads\/2024\/11\/Ficha-tecnica-2-300x102.webp 300w, https:\/\/ecofuego.com.mx\/wp-content\/uploads\/2024\/11\/Ficha-tecnica-2-18x6.webp 18w, https:\/\/ecofuego.com.mx\/wp-content\/uploads\/2024\/11\/Ficha-tecnica-2-150x51.webp 150w, https:\/\/ecofuego.com.mx\/wp-content\/uploads\/2024\/11\/Ficha-tecnica-2.webp 557w\" sizes=\"(max-width: 300px) 100vw, 300px\" \/><\/a><\/p>","protected":false},"excerpt":{"rendered":"<p><strong>CARACTER\u00cdSTICAS<\/strong><\/p>\n<ul>\n<li>Extintor m\u00f3vil cargado con <strong>bi\u00f3xido de carbono<\/strong>, un agente extinguidor limpio, no corrosivo y no conductor el\u00e9ctrico.<\/li>\n<li><strong>F\u00e1cil de operar:<\/strong> Dise\u00f1o sencillo para su uso y mantenimiento.<\/li>\n<li><strong>Sistema de montaje r\u00e1pido:<\/strong> Permite desmontar el tanque de almacenamiento para recargas posteriores del agente.<\/li>\n<li><strong>Protecci\u00f3n anticorrosiva:<\/strong> Tratamiento mediante desengrase y fosfatizado.<\/li>\n<li><strong>Acabado:<\/strong> Pintura electrost\u00e1tica en color rojo brillante.<\/li>\n<li><strong>Soldadura GMAW:<\/strong> Ensambles realizados con soldadura continua de alta resistencia y excelente integridad.<\/li>\n<\/ul>\n<p><strong>APLICACIONES<\/strong><br \/>\nIdeal para proteger zonas con riesgo de fuegos:<\/p>\n<ul>\n<li><strong>Clase B:<\/strong> L\u00edquidos y gases inflamables.<\/li>\n<li><strong>Clase C:<\/strong> Equipos el\u00e9ctricos.<\/li>\n<\/ul>\n<p><strong>Usos recomendados:<\/strong><\/p>\n<ul>\n<li><strong>Hangares de aviaci\u00f3n.<\/strong><\/li>\n<li><strong>F\u00e1bricas.<\/strong><\/li>\n<li><strong>Equipo el\u00e9ctrico.<\/strong><\/li>\n<li><strong>Cuartos de m\u00e1quinas.<\/strong><\/li>\n<li><strong>Interiores:<\/strong> Especialmente donde vientos o corrientes de aire no afectan la descarga del agente extintor.<\/li>\n<li>Lugares donde se necesita una descarga de <strong>agente limpio<\/strong> para evitar residuos.<\/li>\n<\/ul>","protected":false},"featured_media":11562,"comment_status":"open","ping_status":"closed","template":"","meta":[],"product_brand":[],"product_cat":[110],"product_tag":[],"class_list":{"0":"post-11561","1":"product","2":"type-product","3":"status-publish","4":"has-post-thumbnail","6":"product_cat-general","8":"first","9":"instock","10":"shipping-taxable","11":"product-type-simple"},"_links":{"self":[{"href":"https:\/\/ecofuego.com.mx\/en\/wp-json\/wp\/v2\/product\/11561","targetHints":{"allow":["GET"]}}],"collection":[{"href":"https:\/\/ecofuego.com.mx\/en\/wp-json\/wp\/v2\/product"}],"about":[{"href":"https:\/\/ecofuego.com.mx\/en\/wp-json\/wp\/v2\/types\/product"}],"replies":[{"embeddable":true,"href":"https:\/\/ecofuego.com.mx\/en\/wp-json\/wp\/v2\/comments?post=11561"}],"version-history":[{"count":0,"href":"https:\/\/ecofuego.com.mx\/en\/wp-json\/wp\/v2\/product\/11561\/revisions"}],"wp:featuredmedia":[{"embeddable":true,"href":"https:\/\/ecofuego.com.mx\/en\/wp-json\/wp\/v2\/media\/11562"}],"wp:attachment":[{"href":"https:\/\/ecofuego.com.mx\/en\/wp-json\/wp\/v2\/media?parent=11561"}],"wp:term":[{"taxonomy":"product_brand","embeddable":true,"href":"https:\/\/ecofuego.com.mx\/en\/wp-json\/wp\/v2\/product_brand?post=11561"},{"taxonomy":"product_cat","embeddable":true,"href":"https:\/\/ecofuego.com.mx\/en\/wp-json\/wp\/v2\/product_cat?post=11561"},{"taxonomy":"product_tag","embeddable":true,"href":"https:\/\/ecofuego.com.mx\/en\/wp-json\/wp\/v2\/product_tag?post=11561"}],"curies":[{"name":"wp","href":"https:\/\/api.w.org\/{rel}","templated":true}]}}